{"id":30577,"date":"2019-02-22T13:21:04","date_gmt":"2019-02-22T12:21:04","guid":{"rendered":"https:\/\/lessentiel-chez-raphael.bio\/?page_id=30577"},"modified":"2025-12-10T14:39:40","modified_gmt":"2025-12-10T13:39:40","slug":"menu","status":"publish","type":"page","link":"https:\/\/lessentiel-chez-raphael.bio\/?page_id=30577","title":{"rendered":"Menu"},"content":{"rendered":"<p>[et_pb_section fb_built=\u00a0\u00bb1&Prime; fullwidth=\u00a0\u00bbon\u00a0\u00bb _builder_version=\u00a0\u00bb4.6.6&Prime; background_image=\u00a0\u00bbhttps:\/\/lessentiel-chez-raphael.bio\/wp-content\/uploads\/2020\/11\/cuisine-1-e1624967654141.jpg\u00a0\u00bb global_colors_info=\u00a0\u00bb{}\u00a0\u00bb][et_pb_fullwidth_header title=\u00a0\u00bbD\u00e9couvrez nos saveurs\u00a0\u00bb subhead=\u00a0\u00bbConsigne de 0,50\u20ac pour chaque bouteille et chaque barquette en bois, 3\u20ac pour les bocaux en verre\u00a0\u00bb _builder_version=\u00a0\u00bb4.11.3&Prime; title_level=\u00a0\u00bbh2&Prime; title_text_align=\u00a0\u00bbcenter\u00a0\u00bb title_text_color=\u00a0\u00bb#ffffff\u00a0\u00bb title_font_size=\u00a0\u00bb41px\u00a0\u00bb title_letter_spacing=\u00a0\u00bb3px\u00a0\u00bb title_line_height=\u00a0\u00bb1.3em\u00a0\u00bb subhead_text_align=\u00a0\u00bbcenter\u00a0\u00bb subhead_text_color=\u00a0\u00bb#000000&Prime; subhead_font_size=\u00a0\u00bb14px\u00a0\u00bb background_color=\u00a0\u00bbrgba(0,0,0,0)\u00a0\u00bb custom_padding=\u00a0\u00bb||120px|||\u00a0\u00bb title_text_shadow_style=\u00a0\u00bbpreset5&Prime; title_text_shadow_horizontal_length=\u00a0\u00bb-0.02em\u00a0\u00bb title_text_shadow_color=\u00a0\u00bb#1d5400&Prime; subhead_text_shadow_style=\u00a0\u00bbpreset2&Prime; global_colors_info=\u00a0\u00bb{}\u00a0\u00bb][\/et_pb_fullwidth_header][\/et_pb_section][et_pb_section fb_built=\u00a0\u00bb1&Prime; _builder_version=\u00a0\u00bb4.6.6&Prime; _module_preset=\u00a0\u00bbdefault\u00a0\u00bb global_colors_info=\u00a0\u00bb{}\u00a0\u00bb][et_pb_row _builder_version=\u00a0\u00bb4.6.6&Prime; _module_preset=\u00a0\u00bbdefault\u00a0\u00bb global_colors_info=\u00a0\u00bb{}\u00a0\u00bb][et_pb_column type=\u00a0\u00bb4_4&Prime; _builder_version=\u00a0\u00bb4.6.6&Prime; _module_preset=\u00a0\u00bbdefault\u00a0\u00bb global_colors_info=\u00a0\u00bb{}\u00a0\u00bb][et_pb_text _builder_version=\u00a0\u00bb4.6.6&Prime; _module_preset=\u00a0\u00bbdefault\u00a0\u00bb global_colors_info=\u00a0\u00bb{}\u00a0\u00bb]<\/p>\n<h5 style=\"text-align: center;\"><span style=\"color: #333333;\">Merci de noter que notre menu change chaque semaine.<\/span><\/h5>\n<p style=\"text-align: center;\"><span style=\"color: #333333;\">Nous communiquons d&rsquo;avantage sur notre menu, sur notre page Facebook (chaque semaine) alors n&rsquo;h\u00e9sitez pas \u00e0 y faire un tour\u00a0 :<span style=\"color: #993300;\">\u00a0<a href=\"https:\/\/www.facebook.com\/L.essentiel.chez.Raphael\" target=\"_blank\" rel=\"noopener noreferrer\" style=\"color: #993300;\">Notre page facebook<\/a>\u00a0<\/span><\/span><\/p>\n<p style=\"text-align: center;\"><span style=\"color: #333333;\">Ce menu ci-dessous vous donnera une id\u00e9e du type de plats et de tarif que nous proposons au long de l&rsquo;ann\u00e9e. Nous cuisinons avec des fruits et l\u00e9gumes de saison, il est alors difficile de pr\u00e9ciser les ingr\u00e9dients utilis\u00e9s \u00e0 l&rsquo;avance.<\/span><\/p>\n<p>[\/et_pb_text][\/et_pb_column][\/et_pb_row][\/et_pb_section][et_pb_section fb_built=\u00a0\u00bb1&Prime; admin_label=\u00a0\u00bbMenu\u00a0\u00bb _builder_version=\u00a0\u00bb4.0.8&Prime; locked=\u00a0\u00bboff\u00a0\u00bb global_colors_info=\u00a0\u00bb{}\u00a0\u00bb][et_pb_row column_structure=\u00a0\u00bb1_2,1_2&Prime; _builder_version=\u00a0\u00bb4.0.8&Prime; min_height=\u00a0\u00bb1018px\u00a0\u00bb global_colors_info=\u00a0\u00bb{}\u00a0\u00bb][et_pb_column type=\u00a0\u00bb1_2&Prime; _builder_version=\u00a0\u00bb4.0.7&Prime; global_colors_info=\u00a0\u00bb{}\u00a0\u00bb][et_pb_image src=\u00a0\u00bbhttps:\/\/lessentiel-chez-raphael.bio\/wp-content\/uploads\/2020\/04\/bistro-icon-color-5.png\u00a0\u00bb _builder_version=\u00a0\u00bb4.0.8&Prime; width=\u00a0\u00bb48px\u00a0\u00bb global_colors_info=\u00a0\u00bb{}\u00a0\u00bb][\/et_pb_image][et_pb_text _builder_version=\u00a0\u00bb4.0.8&Prime; text_font=\u00a0\u00bbCabin||||||||\u00a0\u00bb text_text_color=\u00a0\u00bbrgba(85,101,112,0.8)\u00a0\u00bb text_font_size=\u00a0\u00bb16px\u00a0\u00bb text_line_height=\u00a0\u00bb1.8em\u00a0\u00bb header_3_font=\u00a0\u00bbPlayfair Display|700|||||||\u00a0\u00bb header_3_text_color=\u00a0\u00bb#002d4c\u00a0\u00bb header_3_font_size=\u00a0\u00bb26px\u00a0\u00bb header_3_line_height=\u00a0\u00bb1.1em\u00a0\u00bb max_width_tablet=\u00a0\u00bb90%\u00a0\u00bb max_width_phone=\u00a0\u00bb100%\u00a0\u00bb max_width_last_edited=\u00a0\u00bboff|desktop\u00a0\u00bb custom_margin=\u00a0\u00bb||||false|false\u00a0\u00bb text_font_size_tablet=\u00a0\u00bb15px\u00a0\u00bb text_font_size_phone=\u00a0\u00bb14px\u00a0\u00bb text_font_size_last_edited=\u00a0\u00bbon|phone\u00a0\u00bb header_3_font_size_tablet=\u00a0\u00bb\u00a0\u00bb header_3_font_size_phone=\u00a0\u00bb20px\u00a0\u00bb header_3_font_size_last_edited=\u00a0\u00bbon|phone\u00a0\u00bb border_color_all=\u00a0\u00bbrgba(85,101,112,0.2)\u00a0\u00bb border_width_bottom=\u00a0\u00bb1px\u00a0\u00bb locked=\u00a0\u00bboff\u00a0\u00bb global_colors_info=\u00a0\u00bb{}\u00a0\u00bb header_2_2_font_size_phone=\u00a0\u00bb32px\u00a0\u00bb header_3_2_font_size_phone=\u00a0\u00bb32px\u00a0\u00bb header_4_2_font_size_phone=\u00a0\u00bb32px\u00a0\u00bb header_5_2_font_size_phone=\u00a0\u00bb32px\u00a0\u00bb header_6_2_font_size_phone=\u00a0\u00bb32px\u00a0\u00bb header_2_2_font_size_tablet=\u00a0\u00bb44px\u00a0\u00bb header_3_2_font_size_tablet=\u00a0\u00bb44px\u00a0\u00bb header_4_2_font_size_tablet=\u00a0\u00bb44px\u00a0\u00bb header_5_2_font_size_tablet=\u00a0\u00bb44px\u00a0\u00bb header_6_2_font_size_tablet=\u00a0\u00bb44px\u00a0\u00bb header_2_2_font_size_last_edited=\u00a0\u00bbon|tablet\u00a0\u00bb header_3_2_font_size_last_edited=\u00a0\u00bbon|tablet\u00a0\u00bb header_4_2_font_size_last_edited=\u00a0\u00bbon|tablet\u00a0\u00bb header_5_2_font_size_last_edited=\u00a0\u00bbon|tablet\u00a0\u00bb header_6_2_font_size_last_edited=\u00a0\u00bbon|tablet\u00a0\u00bb]<\/p>\n<h3>Les formules<\/h3>\n<p>[\/et_pb_text][et_pb_text _builder_version=\u00a0\u00bb4.11.3&Prime; text_font=\u00a0\u00bbUbuntu||||||||\u00a0\u00bb text_font_size=\u00a0\u00bb18px\u00a0\u00bb text_line_height=\u00a0\u00bb1.2em\u00a0\u00bb min_height=\u00a0\u00bb65px\u00a0\u00bb custom_padding=\u00a0\u00bb||6px|||\u00a0\u00bb border_width_bottom=\u00a0\u00bb1px\u00a0\u00bb border_style_bottom=\u00a0\u00bbdashed\u00a0\u00bb global_colors_info=\u00a0\u00bb{}\u00a0\u00bb]<\/p>\n<div style=\"overflow: hidden;\">\n<p style=\"float: left;\"><strong>Formule \u00ab\u00a0L&rsquo;essentiel\u00a0\u00bb<\/strong><br \/><em style=\"font-weight: lighter;\">ENTR\u00c9E + PLAT\u00a0<\/em><em>OU<\/em><em style=\"font-weight: lighter;\"> PLAT + DESSERT<\/em><\/p>\n<p style=\"float: right; color: #c2001a; font-size: 1.5em;\">16 \u20ac<\/p>\n<\/div>\n<p>[\/et_pb_text][et_pb_text _builder_version=\u00a0\u00bb4.11.3&Prime; text_font=\u00a0\u00bbUbuntu||||||||\u00a0\u00bb text_font_size=\u00a0\u00bb18px\u00a0\u00bb text_line_height=\u00a0\u00bb1.2em\u00a0\u00bb border_width_bottom=\u00a0\u00bb1px\u00a0\u00bb border_style_bottom=\u00a0\u00bbdashed\u00a0\u00bb global_colors_info=\u00a0\u00bb{}\u00a0\u00bb]<\/p>\n<div style=\"overflow: hidden;\">\n<p style=\"float: left;\"><strong>Formule \u00ab\u00a0Gourmande\u00a0\u00bb<\/strong><br \/><em style=\"font-weight: lighter;\">ENTR\u00c9E + PLAT + DESSERT\u00a0<\/em><\/p>\n<p style=\"float: right; color: #c2001a; font-size: 1.5em;\">20 \u20ac<\/p>\n<\/div>\n<p>[\/et_pb_text][et_pb_text _builder_version=\u00a0\u00bb4.11.3&Prime; text_font=\u00a0\u00bbUbuntu||||||||\u00a0\u00bb text_font_size=\u00a0\u00bb18px\u00a0\u00bb text_line_height=\u00a0\u00bb1.2em\u00a0\u00bb min_height=\u00a0\u00bb46px\u00a0\u00bb border_width_bottom=\u00a0\u00bb1px\u00a0\u00bb border_style_bottom=\u00a0\u00bbdashed\u00a0\u00bb global_colors_info=\u00a0\u00bb{}\u00a0\u00bb]<\/p>\n<div style=\"overflow: hidden;\">\n<p style=\"float: left;\">\u00ab\u00a0L&rsquo;essentiel\u00a0\u00bb + Limonade<\/p>\n<p style=\"float: right; color: #c2001a; font-size: 1.5em;\">19 \u20ac<\/p>\n<\/div>\n<p>[\/et_pb_text][et_pb_text _builder_version=\u00a0\u00bb4.11.3&Prime; text_font=\u00a0\u00bbUbuntu||||||||\u00a0\u00bb text_font_size=\u00a0\u00bb18px\u00a0\u00bb text_line_height=\u00a0\u00bb1.2em\u00a0\u00bb min_height=\u00a0\u00bb48px\u00a0\u00bb border_width_bottom=\u00a0\u00bb1px\u00a0\u00bb border_style_bottom=\u00a0\u00bbdashed\u00a0\u00bb global_colors_info=\u00a0\u00bb{}\u00a0\u00bb]<\/p>\n<div style=\"overflow: hidden;\">\n<p style=\"float: left;\">\u00ab\u00a0Gourmande\u00a0\u00bb + Limonade<\/p>\n<p style=\"float: right; color: #c2001a; font-size: 1.5em;\">22,50 \u20ac<\/p>\n<\/div>\n<p>[\/et_pb_text][\/et_pb_column][et_pb_column type=\u00a0\u00bb1_2&Prime; _builder_version=\u00a0\u00bb4.0.7&Prime; global_colors_info=\u00a0\u00bb{}\u00a0\u00bb][et_pb_image src=\u00a0\u00bbhttps:\/\/lessentiel-chez-raphael.bio\/wp-content\/uploads\/2020\/04\/bistro-icon-color-6.png\u00a0\u00bb _builder_version=\u00a0\u00bb4.0.8&Prime; width=\u00a0\u00bb48px\u00a0\u00bb global_colors_info=\u00a0\u00bb{}\u00a0\u00bb][\/et_pb_image][et_pb_text _builder_version=\u00a0\u00bb4.0.8&Prime; text_font=\u00a0\u00bbCabin||||||||\u00a0\u00bb text_text_color=\u00a0\u00bbrgba(85,101,112,0.8)\u00a0\u00bb text_font_size=\u00a0\u00bb16px\u00a0\u00bb text_line_height=\u00a0\u00bb1.8em\u00a0\u00bb header_3_font=\u00a0\u00bbPlayfair Display|700|||||||\u00a0\u00bb header_3_text_color=\u00a0\u00bb#002d4c\u00a0\u00bb header_3_font_size=\u00a0\u00bb26px\u00a0\u00bb header_3_line_height=\u00a0\u00bb1.1em\u00a0\u00bb max_width_tablet=\u00a0\u00bb90%\u00a0\u00bb max_width_phone=\u00a0\u00bb100%\u00a0\u00bb max_width_last_edited=\u00a0\u00bboff|desktop\u00a0\u00bb custom_margin=\u00a0\u00bb||||false|false\u00a0\u00bb text_font_size_tablet=\u00a0\u00bb15px\u00a0\u00bb text_font_size_phone=\u00a0\u00bb14px\u00a0\u00bb text_font_size_last_edited=\u00a0\u00bbon|phone\u00a0\u00bb header_3_font_size_tablet=\u00a0\u00bb\u00a0\u00bb header_3_font_size_phone=\u00a0\u00bb20px\u00a0\u00bb header_3_font_size_last_edited=\u00a0\u00bbon|phone\u00a0\u00bb border_color_all=\u00a0\u00bbrgba(85,101,112,0.2)\u00a0\u00bb border_width_bottom=\u00a0\u00bb1px\u00a0\u00bb locked=\u00a0\u00bboff\u00a0\u00bb global_colors_info=\u00a0\u00bb{}\u00a0\u00bb header_2_2_font_size_phone=\u00a0\u00bb32px\u00a0\u00bb header_3_2_font_size_phone=\u00a0\u00bb32px\u00a0\u00bb header_4_2_font_size_phone=\u00a0\u00bb32px\u00a0\u00bb header_5_2_font_size_phone=\u00a0\u00bb32px\u00a0\u00bb header_6_2_font_size_phone=\u00a0\u00bb32px\u00a0\u00bb header_2_2_font_size_tablet=\u00a0\u00bb44px\u00a0\u00bb header_3_2_font_size_tablet=\u00a0\u00bb44px\u00a0\u00bb header_4_2_font_size_tablet=\u00a0\u00bb44px\u00a0\u00bb header_5_2_font_size_tablet=\u00a0\u00bb44px\u00a0\u00bb header_6_2_font_size_tablet=\u00a0\u00bb44px\u00a0\u00bb header_2_2_font_size_last_edited=\u00a0\u00bbon|tablet\u00a0\u00bb header_3_2_font_size_last_edited=\u00a0\u00bbon|tablet\u00a0\u00bb header_4_2_font_size_last_edited=\u00a0\u00bbon|tablet\u00a0\u00bb header_5_2_font_size_last_edited=\u00a0\u00bbon|tablet\u00a0\u00bb header_6_2_font_size_last_edited=\u00a0\u00bbon|tablet\u00a0\u00bb]<\/p>\n<h3>\u00c0 la carte<\/h3>\n<p>[\/et_pb_text][et_pb_text _builder_version=\u00a0\u00bb4.11.3&Prime; text_font=\u00a0\u00bbUbuntu||||||||\u00a0\u00bb text_font_size=\u00a0\u00bb18px\u00a0\u00bb text_line_height=\u00a0\u00bb1.2em\u00a0\u00bb border_width_bottom=\u00a0\u00bb1px\u00a0\u00bb border_style_bottom=\u00a0\u00bbdashed\u00a0\u00bb global_colors_info=\u00a0\u00bb{}\u00a0\u00bb]<\/p>\n<div style=\"overflow: hidden;\">\n<p style=\"float: left;\">Hors d&rsquo;oeuvre en suggestion<br \/><em style=\"font-weight: lighter;\">Recette de la semaine, type verrine de crudit\u00e9s ou soupe&#8230;<\/em><\/p>\n<p style=\"float: right; color: #c2001a; font-size: 1.5em;\">5 \u20ac<\/p>\n<\/div>\n<p>[\/et_pb_text][et_pb_text _builder_version=\u00a0\u00bb4.11.3&Prime; text_font=\u00a0\u00bbUbuntu||||||||\u00a0\u00bb text_font_size=\u00a0\u00bb18px\u00a0\u00bb text_line_height=\u00a0\u00bb1.2em\u00a0\u00bb border_width_bottom=\u00a0\u00bb1px\u00a0\u00bb border_style_bottom=\u00a0\u00bbdashed\u00a0\u00bb global_colors_info=\u00a0\u00bb{}\u00a0\u00bb]<\/p>\n<div style=\"overflow: hidden;\">\n<p style=\"float: left;\"><strong>Suggestion du moment<\/strong><\/p>\n<p style=\"float: left;\"><strong><\/strong><\/p>\n<p style=\"float: left;\"><strong>\u00a0<\/strong><\/p>\n<p style=\"float: right; color: #c2001a; font-size: 1.5em;\">13 \u20ac<\/p>\n<\/div>\n<p>[\/et_pb_text][et_pb_text _builder_version=\u00a0\u00bb4.11.3&Prime; text_font=\u00a0\u00bbUbuntu||||||||\u00a0\u00bb text_font_size=\u00a0\u00bb18px\u00a0\u00bb text_line_height=\u00a0\u00bb1.2em\u00a0\u00bb border_width_bottom=\u00a0\u00bb1px\u00a0\u00bb border_style_bottom=\u00a0\u00bbdashed\u00a0\u00bb global_colors_info=\u00a0\u00bb{}\u00a0\u00bb]<\/p>\n<div style=\"overflow: hidden;\">\n<p style=\"float: left;\">Plat du jour<br \/><em style=\"font-weight: lighter;\">\u00e0 l&rsquo;ardoise du jour, avec les produits de saison<\/em><\/p>\n<p style=\"float: right; color: #c2001a; font-size: 1.5em;\">13 \u20ac<\/p>\n<\/div>\n<p>[\/et_pb_text][et_pb_text _builder_version=\u00a0\u00bb4.6.6&Prime; text_font=\u00a0\u00bbUbuntu||||||||\u00a0\u00bb text_font_size=\u00a0\u00bb18px\u00a0\u00bb text_line_height=\u00a0\u00bb1.2em\u00a0\u00bb border_width_bottom=\u00a0\u00bb1px\u00a0\u00bb border_style_bottom=\u00a0\u00bbdashed\u00a0\u00bb global_colors_info=\u00a0\u00bb{}\u00a0\u00bb]<\/p>\n<div style=\"overflow: hidden;\">\n<p style=\"float: left;\">Brookie<\/p>\n<p style=\"float: right; color: #c2001a; font-size: 1.5em;\">4 \u20ac<\/p>\n<\/div>\n<p>[\/et_pb_text][et_pb_text _builder_version=\u00a0\u00bb4.6.6&Prime; text_font=\u00a0\u00bbUbuntu||||||||\u00a0\u00bb text_font_size=\u00a0\u00bb18px\u00a0\u00bb text_line_height=\u00a0\u00bb1.2em\u00a0\u00bb border_width_bottom=\u00a0\u00bb1px\u00a0\u00bb border_style_bottom=\u00a0\u00bbdashed\u00a0\u00bb global_colors_info=\u00a0\u00bb{}\u00a0\u00bb]<\/p>\n<div style=\"overflow: hidden;\">\n<p style=\"float: left;\">Crumble<\/p>\n<p style=\"float: right; color: #c2001a; font-size: 1.5em;\">4 \u20ac<\/p>\n<\/div>\n<p>[\/et_pb_text][et_pb_text _builder_version=\u00a0\u00bb4.6.6&Prime; text_font=\u00a0\u00bbUbuntu||||||||\u00a0\u00bb text_font_size=\u00a0\u00bb18px\u00a0\u00bb text_line_height=\u00a0\u00bb1.2em\u00a0\u00bb border_width_bottom=\u00a0\u00bb1px\u00a0\u00bb border_style_bottom=\u00a0\u00bbdashed\u00a0\u00bb global_colors_info=\u00a0\u00bb{}\u00a0\u00bb]<\/p>\n<div style=\"overflow: hidden;\">\n<p style=\"float: left;\">Tiramisu aux fruits de saison<\/p>\n<p style=\"float: right; color: #c2001a; font-size: 1.5em;\">5 \u20ac<\/p>\n<\/div>\n<p>[\/et_pb_text][et_pb_text _builder_version=\u00a0\u00bb3.27.4&Prime; text_font=\u00a0\u00bbUbuntu||||||||\u00a0\u00bb text_font_size=\u00a0\u00bb18px\u00a0\u00bb text_line_height=\u00a0\u00bb1.2em\u00a0\u00bb border_width_bottom=\u00a0\u00bb1px\u00a0\u00bb border_style_bottom=\u00a0\u00bbdashed\u00a0\u00bb global_colors_info=\u00a0\u00bb{}\u00a0\u00bb]<\/p>\n<div style=\"overflow: hidden;\">\n<p style=\"float: left;\">Glaces maison\u00a0<br \/><em style=\"font-weight: lighter;\">parfum au choix<\/em><\/p>\n<p style=\"float: right; color: #c2001a; font-size: 1.5em;\">2,30 \u20ac<\/p>\n<\/div>\n<p>[\/et_pb_text][\/et_pb_column][\/et_pb_row][et_pb_row _builder_version=\u00a0\u00bb4.0.8&Prime; min_height=\u00a0\u00bb506px\u00a0\u00bb custom_margin=\u00a0\u00bb-14px|auto||auto||\u00a0\u00bb custom_padding=\u00a0\u00bb0px|||||\u00a0\u00bb global_colors_info=\u00a0\u00bb{}\u00a0\u00bb][et_pb_column type=\u00a0\u00bb4_4&Prime; _builder_version=\u00a0\u00bb4.0.7&Prime; global_colors_info=\u00a0\u00bb{}\u00a0\u00bb][et_pb_image _builder_version=\u00a0\u00bb4.4.4&Prime; width=\u00a0\u00bb48px\u00a0\u00bb global_colors_info=\u00a0\u00bb{}\u00a0\u00bb][\/et_pb_image][et_pb_text _builder_version=\u00a0\u00bb4.6.6&Prime; text_font=\u00a0\u00bbCabin||||||||\u00a0\u00bb text_text_color=\u00a0\u00bbrgba(85,101,112,0.8)\u00a0\u00bb text_font_size=\u00a0\u00bb16px\u00a0\u00bb text_line_height=\u00a0\u00bb1.8em\u00a0\u00bb header_3_font=\u00a0\u00bbPlayfair Display|700|||||||\u00a0\u00bb header_3_text_color=\u00a0\u00bb#002d4c\u00a0\u00bb header_3_font_size=\u00a0\u00bb26px\u00a0\u00bb header_3_line_height=\u00a0\u00bb1.1em\u00a0\u00bb max_width_tablet=\u00a0\u00bb90%\u00a0\u00bb max_width_phone=\u00a0\u00bb100%\u00a0\u00bb max_width_last_edited=\u00a0\u00bboff|desktop\u00a0\u00bb custom_margin=\u00a0\u00bb||||false|false\u00a0\u00bb custom_padding=\u00a0\u00bb|1024px||||\u00a0\u00bb text_font_size_tablet=\u00a0\u00bb15px\u00a0\u00bb text_font_size_phone=\u00a0\u00bb14px\u00a0\u00bb text_font_size_last_edited=\u00a0\u00bbon|phone\u00a0\u00bb header_3_font_size_tablet=\u00a0\u00bb\u00a0\u00bb header_3_font_size_phone=\u00a0\u00bb20px\u00a0\u00bb header_3_font_size_last_edited=\u00a0\u00bbon|phone\u00a0\u00bb border_color_all=\u00a0\u00bbrgba(85,101,112,0.2)\u00a0\u00bb border_width_bottom=\u00a0\u00bb1px\u00a0\u00bb locked=\u00a0\u00bboff\u00a0\u00bb global_colors_info=\u00a0\u00bb{}\u00a0\u00bb header_2_2_font_size_phone=\u00a0\u00bb32px\u00a0\u00bb header_3_2_font_size_phone=\u00a0\u00bb32px\u00a0\u00bb header_4_2_font_size_phone=\u00a0\u00bb32px\u00a0\u00bb header_5_2_font_size_phone=\u00a0\u00bb32px\u00a0\u00bb header_6_2_font_size_phone=\u00a0\u00bb32px\u00a0\u00bb header_2_2_font_size_tablet=\u00a0\u00bb44px\u00a0\u00bb header_3_2_font_size_tablet=\u00a0\u00bb44px\u00a0\u00bb header_4_2_font_size_tablet=\u00a0\u00bb44px\u00a0\u00bb header_5_2_font_size_tablet=\u00a0\u00bb44px\u00a0\u00bb header_6_2_font_size_tablet=\u00a0\u00bb44px\u00a0\u00bb header_2_2_font_size_last_edited=\u00a0\u00bbon|tablet\u00a0\u00bb header_3_2_font_size_last_edited=\u00a0\u00bbon|tablet\u00a0\u00bb header_4_2_font_size_last_edited=\u00a0\u00bbon|tablet\u00a0\u00bb header_5_2_font_size_last_edited=\u00a0\u00bbon|tablet\u00a0\u00bb header_6_2_font_size_last_edited=\u00a0\u00bbon|tablet\u00a0\u00bb]<\/p>\n<h3><img loading=\"lazy\" src=\"https:\/\/lessentiel-chez-raphael.bio\/wp-content\/uploads\/2020\/11\/Capture-de\u0301cran-2020-11-25-a\u0300-12.59.31-170x300.png\" width=\"55\" height=\"97\" alt=\"\" class=\"wp-image-31600 alignnone size-medium\" srcset=\"https:\/\/lessentiel-chez-raphael.bio\/wp-content\/uploads\/2020\/11\/Capture-de\u0301cran-2020-11-25-a\u0300-12.59.31-170x300.png 170w, https:\/\/lessentiel-chez-raphael.bio\/wp-content\/uploads\/2020\/11\/Capture-de\u0301cran-2020-11-25-a\u0300-12.59.31.png 230w\" sizes=\"(max-width: 55px) 100vw, 55px\" \/><\/h3>\n<p>[\/et_pb_text][et_pb_text _builder_version=\u00a0\u00bb4.0.8&Prime; text_font=\u00a0\u00bbCabin||||||||\u00a0\u00bb text_text_color=\u00a0\u00bbrgba(85,101,112,0.8)\u00a0\u00bb text_font_size=\u00a0\u00bb16px\u00a0\u00bb text_line_height=\u00a0\u00bb1.8em\u00a0\u00bb header_3_font=\u00a0\u00bbPlayfair Display|700|||||||\u00a0\u00bb header_3_text_color=\u00a0\u00bb#002d4c\u00a0\u00bb header_3_font_size=\u00a0\u00bb26px\u00a0\u00bb header_3_line_height=\u00a0\u00bb1.1em\u00a0\u00bb max_width_tablet=\u00a0\u00bb90%\u00a0\u00bb max_width_phone=\u00a0\u00bb100%\u00a0\u00bb max_width_last_edited=\u00a0\u00bboff|desktop\u00a0\u00bb custom_margin=\u00a0\u00bb||||false|false\u00a0\u00bb text_font_size_tablet=\u00a0\u00bb15px\u00a0\u00bb text_font_size_phone=\u00a0\u00bb14px\u00a0\u00bb text_font_size_last_edited=\u00a0\u00bbon|phone\u00a0\u00bb header_3_font_size_tablet=\u00a0\u00bb\u00a0\u00bb header_3_font_size_phone=\u00a0\u00bb20px\u00a0\u00bb header_3_font_size_last_edited=\u00a0\u00bbon|phone\u00a0\u00bb border_color_all=\u00a0\u00bbrgba(85,101,112,0.2)\u00a0\u00bb border_width_bottom=\u00a0\u00bb1px\u00a0\u00bb locked=\u00a0\u00bboff\u00a0\u00bb global_colors_info=\u00a0\u00bb{}\u00a0\u00bb header_2_2_font_size_phone=\u00a0\u00bb32px\u00a0\u00bb header_3_2_font_size_phone=\u00a0\u00bb32px\u00a0\u00bb header_4_2_font_size_phone=\u00a0\u00bb32px\u00a0\u00bb header_5_2_font_size_phone=\u00a0\u00bb32px\u00a0\u00bb header_6_2_font_size_phone=\u00a0\u00bb32px\u00a0\u00bb header_2_2_font_size_tablet=\u00a0\u00bb44px\u00a0\u00bb header_3_2_font_size_tablet=\u00a0\u00bb44px\u00a0\u00bb header_4_2_font_size_tablet=\u00a0\u00bb44px\u00a0\u00bb header_5_2_font_size_tablet=\u00a0\u00bb44px\u00a0\u00bb header_6_2_font_size_tablet=\u00a0\u00bb44px\u00a0\u00bb header_2_2_font_size_last_edited=\u00a0\u00bbon|tablet\u00a0\u00bb header_3_2_font_size_last_edited=\u00a0\u00bbon|tablet\u00a0\u00bb header_4_2_font_size_last_edited=\u00a0\u00bbon|tablet\u00a0\u00bb header_5_2_font_size_last_edited=\u00a0\u00bbon|tablet\u00a0\u00bb header_6_2_font_size_last_edited=\u00a0\u00bbon|tablet\u00a0\u00bb]<\/p>\n<h3>Boissons<\/h3>\n<p>[\/et_pb_text][et_pb_text _builder_version=\u00a0\u00bb4.6.6&Prime; text_font=\u00a0\u00bbUbuntu||||||||\u00a0\u00bb text_font_size=\u00a0\u00bb18px\u00a0\u00bb text_line_height=\u00a0\u00bb1.2em\u00a0\u00bb custom_padding=\u00a0\u00bb|1px||||\u00a0\u00bb border_width_bottom=\u00a0\u00bb1px\u00a0\u00bb border_style_bottom=\u00a0\u00bbdashed\u00a0\u00bb global_colors_info=\u00a0\u00bb{}\u00a0\u00bb]<\/p>\n<div style=\"overflow: hidden;\">\n<p style=\"float: left;\">Eau Celtic 50cl : plate ou p\u00e9tillante<\/p>\n<p style=\"float: right; color: #c2001a; font-size: 1.5em;\">2 \u20ac<\/p>\n<\/div>\n<p>[\/et_pb_text][et_pb_text _builder_version=\u00a0\u00bb4.4.6&Prime; text_font=\u00a0\u00bbUbuntu||||||||\u00a0\u00bb text_font_size=\u00a0\u00bb18px\u00a0\u00bb text_line_height=\u00a0\u00bb1.2em\u00a0\u00bb border_width_bottom=\u00a0\u00bb1px\u00a0\u00bb border_style_bottom=\u00a0\u00bbdashed\u00a0\u00bb global_colors_info=\u00a0\u00bb{}\u00a0\u00bb]<\/p>\n<div style=\"overflow: hidden;\">\n<p style=\"float: left;\">Limonade 33cl (sept parfums au choix)<\/p>\n<p style=\"float: right; color: #c2001a; font-size: 1.5em;\">3,50 \u20ac<\/p>\n<\/div>\n<p>[\/et_pb_text][et_pb_text _builder_version=\u00a0\u00bb3.27.4&Prime; text_font=\u00a0\u00bbUbuntu||||||||\u00a0\u00bb text_font_size=\u00a0\u00bb18px\u00a0\u00bb text_line_height=\u00a0\u00bb1.2em\u00a0\u00bb border_width_bottom=\u00a0\u00bb1px\u00a0\u00bb border_style_bottom=\u00a0\u00bbdashed\u00a0\u00bb global_colors_info=\u00a0\u00bb{}\u00a0\u00bb]<\/p>\n<div style=\"overflow: hidden;\">\n<p style=\"float: left;\">Jus bouteille 25cl (pomme <em>ou<\/em> orange)<\/p>\n<p style=\"float: right; color: #c2001a; font-size: 1.5em;\">2,50 \u20ac<\/p>\n<\/div>\n<p>[\/et_pb_text][et_pb_text _builder_version=\u00a0\u00bb4.4.6&Prime; text_font=\u00a0\u00bbUbuntu||||||||\u00a0\u00bb text_font_size=\u00a0\u00bb18px\u00a0\u00bb text_line_height=\u00a0\u00bb1.2em\u00a0\u00bb border_width_bottom=\u00a0\u00bb1px\u00a0\u00bb border_style_bottom=\u00a0\u00bbdashed\u00a0\u00bb global_colors_info=\u00a0\u00bb{}\u00a0\u00bb]<\/p>\n<div style=\"overflow: hidden;\">\n<p style=\"float: left;\">Cocktail frais maison fait \u00e0 l&rsquo;extracteur 30cl<\/p>\n<p style=\"float: right; color: #c2001a; font-size: 1.5em;\">4,50 \u20ac<\/p>\n<\/div>\n<p>[\/et_pb_text][et_pb_text _builder_version=\u00a0\u00bb3.27.4&Prime; text_font=\u00a0\u00bbUbuntu||||||||\u00a0\u00bb text_font_size=\u00a0\u00bb18px\u00a0\u00bb text_line_height=\u00a0\u00bb1.2em\u00a0\u00bb border_width_bottom=\u00a0\u00bb1px\u00a0\u00bb border_style_bottom=\u00a0\u00bbdashed\u00a0\u00bb global_colors_info=\u00a0\u00bb{}\u00a0\u00bb]<\/p>\n<div style=\"overflow: hidden;\">\n<p style=\"float: left;\">Bi\u00e8re Pinkus ou La Merci\u00e8re 33cl<br \/><em style=\"font-weight: lighter;\">L&rsquo;abus d&rsquo;alcool est dangereux pour la sant\u00e9, \u00e0 consommer avec mod\u00e9ration<\/em><\/p>\n<p style=\"float: right; color: #c2001a; font-size: 1.5em;\">4 \u20ac<\/p>\n<\/div>\n<p>[\/et_pb_text][\/et_pb_column][\/et_pb_row][\/et_pb_section]<\/p>\n","protected":false},"excerpt":{"rendered":"<p>Merci de noter que notre menu change chaque semaine. Nous communiquons d&rsquo;avantage sur notre menu, sur notre page Facebook (chaque semaine) alors n&rsquo;h\u00e9sitez pas \u00e0 y faire un tour\u00a0 :\u00a0Notre page facebook\u00a0 Ce menu ci-dessous vous donnera une id\u00e9e du type de plats et de tarif que nous proposons au long de l&rsquo;ann\u00e9e. Nous cuisinons [&hellip;]<\/p>\n","protected":false},"author":1,"featured_media":0,"parent":0,"menu_order":0,"comment_status":"closed","ping_status":"closed","template":"","meta":{"_et_pb_use_builder":"on","_et_pb_old_content":"","_et_gb_content_width":""},"_links":{"self":[{"href":"https:\/\/lessentiel-chez-raphael.bio\/index.php?rest_route=\/wp\/v2\/pages\/30577"}],"collection":[{"href":"https:\/\/lessentiel-chez-raphael.bio\/index.php?rest_route=\/wp\/v2\/pages"}],"about":[{"href":"https:\/\/lessentiel-chez-raphael.bio\/index.php?rest_route=\/wp\/v2\/types\/page"}],"author":[{"embeddable":true,"href":"https:\/\/lessentiel-chez-raphael.bio\/index.php?rest_route=\/wp\/v2\/users\/1"}],"replies":[{"embeddable":true,"href":"https:\/\/lessentiel-chez-raphael.bio\/index.php?rest_route=%2Fwp%2Fv2%2Fcomments&post=30577"}],"version-history":[{"count":107,"href":"https:\/\/lessentiel-chez-raphael.bio\/index.php?rest_route=\/wp\/v2\/pages\/30577\/revisions"}],"predecessor-version":[{"id":32348,"href":"https:\/\/lessentiel-chez-raphael.bio\/index.php?rest_route=\/wp\/v2\/pages\/30577\/revisions\/32348"}],"wp:attachment":[{"href":"https:\/\/lessentiel-chez-raphael.bio\/index.php?rest_route=%2Fwp%2Fv2%2Fmedia&parent=30577"}],"curies":[{"name":"wp","href":"https:\/\/api.w.org\/{rel}","templated":true}]}}