{"id":30280,"date":"2018-11-18T22:34:33","date_gmt":"2018-11-18T21:34:33","guid":{"rendered":"https:\/\/lessentiel-chez-raphael.bio\/?page_id=30280"},"modified":"2023-09-19T09:02:37","modified_gmt":"2023-09-19T07:02:37","slug":"emplacements-2","status":"publish","type":"page","link":"https:\/\/lessentiel-chez-raphael.bio\/?page_id=30280","title":{"rendered":"Emplacements"},"content":{"rendered":"<p>[et_pb_section fb_built=\u00a0\u00bb1&Prime; fullwidth=\u00a0\u00bbon\u00a0\u00bb _builder_version=\u00a0\u00bb3.22.3&Prime; global_colors_info=\u00a0\u00bb{}\u00a0\u00bb][et_pb_fullwidth_header title=\u00a0\u00bbEmplacements r\u00e9guliers\u00a0\u00bb _builder_version=\u00a0\u00bb4.4.6&Prime; title_font_size=\u00a0\u00bb36px\u00a0\u00bb subhead_text_color=\u00a0\u00bb#a5a5a5&Prime; subhead_font_size=\u00a0\u00bb22px\u00a0\u00bb global_colors_info=\u00a0\u00bb{}\u00a0\u00bb][\/et_pb_fullwidth_header][\/et_pb_section][et_pb_section fb_built=\u00a0\u00bb1&Prime; specialty=\u00a0\u00bbon\u00a0\u00bb _builder_version=\u00a0\u00bb4.4.6&Prime; global_colors_info=\u00a0\u00bb{}\u00a0\u00bb][et_pb_column type=\u00a0\u00bb1_2&Prime; _builder_version=\u00a0\u00bb3.25&Prime; custom_padding=\u00a0\u00bb|||\u00a0\u00bb global_colors_info=\u00a0\u00bb{}\u00a0\u00bb custom_padding__hover=\u00a0\u00bb|||\u00a0\u00bb][et_pb_text _builder_version=\u00a0\u00bb4.11.3&Prime; global_colors_info=\u00a0\u00bb{}\u00a0\u00bb]<\/p>\n<p><span size=\"5\" style=\"font-size: x-large;\">COVID-19<\/span><\/p>\n<p>Malgr\u00e9 les circonstances, nous continuons \u00e0 venir vous servir.<\/p>\n<p>&nbsp;<\/p>\n<h5><strong>VACANCES \/ JOURS F\u00c9RI\u00c9S<\/strong><\/h5>\n<p>Nous sortons lors des vacances scolaires et quelques jours f\u00e9ri\u00e9s.<\/p>\n<p>Nous communiquons chaque semaine sur notre page Facebook nos jours d&rsquo;ouverture ou de fermeture :<a href=\"https:\/\/www.facebook.com\/L.essentiel.chez.Raphael\" target=\"_blank\" rel=\"noopener\"> Notre page Facebook<\/a><\/p>\n<p><span size=\"5\" style=\"font-size: x-large;\"><\/span><\/p>\n<p>[\/et_pb_text][\/et_pb_column][et_pb_column type=\u00a0\u00bb1_2&Prime; specialty_columns=\u00a0\u00bb2&Prime; _builder_version=\u00a0\u00bb3.25&Prime; custom_padding=\u00a0\u00bb|||\u00a0\u00bb global_colors_info=\u00a0\u00bb{}\u00a0\u00bb custom_padding__hover=\u00a0\u00bb|||\u00a0\u00bb][et_pb_row_inner _builder_version=\u00a0\u00bb3.25&Prime; global_colors_info=\u00a0\u00bb{}\u00a0\u00bb][et_pb_column_inner saved_specialty_column_type=\u00a0\u00bb1_2&Prime; _builder_version=\u00a0\u00bb3.25&Prime; custom_padding=\u00a0\u00bb|||\u00a0\u00bb global_colors_info=\u00a0\u00bb{}\u00a0\u00bb custom_padding__hover=\u00a0\u00bb|||\u00a0\u00bb][et_pb_accordion _builder_version=\u00a0\u00bb4.11.3&Prime; hover_enabled=\u00a0\u00bb0&Prime; global_colors_info=\u00a0\u00bb{}\u00a0\u00bb sticky_enabled=\u00a0\u00bb0&Prime;][et_pb_accordion_item title=\u00a0\u00bbLundi de 12h \u00e0 13h30 Plaine des bouchers devant Eberhardt\u00a0\u00bb _builder_version=\u00a0\u00bb4.11.3&Prime; _module_preset=\u00a0\u00bbdefault\u00a0\u00bb hover_enabled=\u00a0\u00bb0&Prime; global_colors_info=\u00a0\u00bb{}\u00a0\u00bb open=\u00a0\u00bbon\u00a0\u00bb sticky_enabled=\u00a0\u00bb0&Prime;][\/et_pb_accordion_item][et_pb_accordion_item title=\u00a0\u00bbMercredi et vendredi de 12h \u00e0 13h30 \u00e0 Via Storia (Schiltigheim)\u00a0\u00bb _builder_version=\u00a0\u00bb4.11.3&Prime; hover_enabled=\u00a0\u00bb0&Prime; global_colors_info=\u00a0\u00bb{}\u00a0\u00bb open=\u00a0\u00bboff\u00a0\u00bb sticky_enabled=\u00a0\u00bb0&Prime;]<\/p>\n<p>Tous les mercredis et vendredis, nous sommes pr\u00e9sents pour vous servir de 12h \u00e0 14h, au 22 avenue de l&rsquo;Europe, devant Via Storia, \u00e0 l&rsquo;Espace Europ\u00e9en de l&rsquo;Entreprise.<\/p>\n<p>[\/et_pb_accordion_item][et_pb_accordion_item title=\u00a0\u00bbJeudi de 12h \u00e0 13h30 \u00e0 l&rsquo;a\u00e9roport d&rsquo;Entzheim devant la DGAC\u00a0\u00bb open=\u00a0\u00bboff\u00a0\u00bb _builder_version=\u00a0\u00bb4.11.3&Prime; hover_enabled=\u00a0\u00bb0&Prime; global_colors_info=\u00a0\u00bb{}\u00a0\u00bb sticky_enabled=\u00a0\u00bb0&Prime;]<\/p>\n<p>Tous les\u00a0 jeudis nous sommes pr\u00e9sents pour vous servir de 12h \u00e0 14h sur le parking de Thermofisher &#8211; au 700 Bd S\u00e9bastien Brant 67400 Illkirch-Graffenstaden<\/p>\n<p>[\/et_pb_accordion_item][\/et_pb_accordion][\/et_pb_column_inner][\/et_pb_row_inner][\/et_pb_column][\/et_pb_section][et_pb_section fb_built=\u00a0\u00bb1&Prime; fullwidth=\u00a0\u00bbon\u00a0\u00bb _builder_version=\u00a0\u00bb3.22.3&Prime; global_colors_info=\u00a0\u00bb{}\u00a0\u00bb][et_pb_fullwidth_map address=\u00a0\u00bbBas-Rhin, France\u00a0\u00bb zoom_level=\u00a0\u00bb12&Prime; address_lat=\u00a0\u00bb48.57837267209561&Prime; address_lng=\u00a0\u00bb7.754195642917905&Prime; _builder_version=\u00a0\u00bb4.11.3&Prime; hover_enabled=\u00a0\u00bb0&Prime; global_colors_info=\u00a0\u00bb{}\u00a0\u00bb sticky_enabled=\u00a0\u00bb0&Prime;][et_pb_map_pin title=\u00a0\u00bbEntzheim devant DGAC\u00a0\u00bb pin_address=\u00a0\u00bbRue Dreamliner, 67960 Entzheim, France\u00a0\u00bb zoom_level=\u00a0\u00bb13&Prime; pin_address_lat=\u00a0\u00bb48.5439601&Prime; pin_address_lng=\u00a0\u00bb7.6234608&Prime; _builder_version=\u00a0\u00bb4.11.3&Prime; global_colors_info=\u00a0\u00bb{}\u00a0\u00bb hover_enabled=\u00a0\u00bb0&Prime; sticky_enabled=\u00a0\u00bb0&Prime;]<\/p>\n<p>Tous les jeudi de 12h \u00e0 13h30<\/p>\n<p>[\/et_pb_map_pin][et_pb_map_pin title=\u00a0\u00bbVia Storia (Schiltigheim)\u00a0\u00bb pin_address=\u00a0\u00bb22 Avenue de l&rsquo;Europe, 67300 Schiltigheim, France\u00a0\u00bb pin_address_lat=\u00a0\u00bb48.613265241394345&Prime; pin_address_lng=\u00a0\u00bb7.715635006168895&Prime; _builder_version=\u00a0\u00bb3.21&Prime; global_colors_info=\u00a0\u00bb{}\u00a0\u00bb]<\/p>\n<p>Tous les mercredi de 12h \u00e0 14h<\/p>\n<p>[\/et_pb_map_pin][et_pb_map_pin title=\u00a0\u00bbPlaine des bouchers devant Eberhardt\u00a0\u00bb pin_address=\u00a0\u00bbPlaine des Bouchers, 67100 Strasbourg, France\u00a0\u00bb pin_address_lat=\u00a0\u00bb48.5618129&Prime; pin_address_lng=\u00a0\u00bb7.7445123&Prime; _builder_version=\u00a0\u00bb4.11.3&Prime; _module_preset=\u00a0\u00bbdefault\u00a0\u00bb global_colors_info=\u00a0\u00bb{}\u00a0\u00bb hover_enabled=\u00a0\u00bb0&Prime; sticky_enabled=\u00a0\u00bb0&Prime;]<\/p>\n<p>Le lundi de 12h \u00e0 13h30<\/p>\n<p>[\/et_pb_map_pin][\/et_pb_fullwidth_map][\/et_pb_section]<\/p>\n","protected":false},"excerpt":{"rendered":"<p>COVID-19 Malgr\u00e9 les circonstances, nous continuons \u00e0 venir vous servir. &nbsp; VACANCES \/ JOURS F\u00c9RI\u00c9S Nous sortons lors des vacances scolaires et quelques jours f\u00e9ri\u00e9s. Nous communiquons chaque semaine sur notre page Facebook nos jours d&rsquo;ouverture ou de fermeture : Notre page Facebook Tous les mercredis et vendredis, nous sommes pr\u00e9sents pour vous servir de [&hellip;]<\/p>\n","protected":false},"author":1,"featured_media":0,"parent":0,"menu_order":0,"comment_status":"closed","ping_status":"closed","template":"","meta":{"_et_pb_use_builder":"on","_et_pb_old_content":"","_et_gb_content_width":""},"_links":{"self":[{"href":"https:\/\/lessentiel-chez-raphael.bio\/index.php?rest_route=\/wp\/v2\/pages\/30280"}],"collection":[{"href":"https:\/\/lessentiel-chez-raphael.bio\/index.php?rest_route=\/wp\/v2\/pages"}],"about":[{"href":"https:\/\/lessentiel-chez-raphael.bio\/index.php?rest_route=\/wp\/v2\/types\/page"}],"author":[{"embeddable":true,"href":"https:\/\/lessentiel-chez-raphael.bio\/index.php?rest_route=\/wp\/v2\/users\/1"}],"replies":[{"embeddable":true,"href":"https:\/\/lessentiel-chez-raphael.bio\/index.php?rest_route=%2Fwp%2Fv2%2Fcomments&post=30280"}],"version-history":[{"count":51,"href":"https:\/\/lessentiel-chez-raphael.bio\/index.php?rest_route=\/wp\/v2\/pages\/30280\/revisions"}],"predecessor-version":[{"id":32322,"href":"https:\/\/lessentiel-chez-raphael.bio\/index.php?rest_route=\/wp\/v2\/pages\/30280\/revisions\/32322"}],"wp:attachment":[{"href":"https:\/\/lessentiel-chez-raphael.bio\/index.php?rest_route=%2Fwp%2Fv2%2Fmedia&parent=30280"}],"curies":[{"name":"wp","href":"https:\/\/api.w.org\/{rel}","templated":true}]}}