{"id":30277,"date":"2018-11-18T22:34:11","date_gmt":"2018-11-18T21:34:11","guid":{"rendered":"https:\/\/lessentiel-chez-raphael.bio\/?page_id=30277"},"modified":"2024-04-02T11:37:50","modified_gmt":"2024-04-02T09:37:50","slug":"traiteur","status":"publish","type":"page","link":"https:\/\/lessentiel-chez-raphael.bio\/?page_id=30277","title":{"rendered":"Traiteur"},"content":{"rendered":"<p>[et_pb_section fb_built=\u00a0\u00bb1&Prime; fullwidth=\u00a0\u00bbon\u00a0\u00bb disabled_on=\u00a0\u00bboff|off|off\u00a0\u00bb admin_label=\u00a0\u00bbHero\u00a0\u00bb _builder_version=\u00a0\u00bb3.22&Prime; background_color=\u00a0\u00bb#1f1f1f\u00a0\u00bb parallax=\u00a0\u00bbon\u00a0\u00bb custom_padding=\u00a0\u00bb|||\u00a0\u00bb transparent_background=\u00a0\u00bbon\u00a0\u00bb global_colors_info=\u00a0\u00bb{}\u00a0\u00bb][et_pb_fullwidth_header title=\u00a0\u00bbNos offres traiteur bio en cuisine v\u00e9g\u00e9tale\u00a0\u00bb subhead=\u00a0\u00bbPour tous vos \u00e9v\u00e9nements, dans le cadre professionnel, de collectivit\u00e9s, d&rsquo;associations, ou entre amis ou en famille !\u00a0\u00bb background_overlay_color=\u00a0\u00bbrgba(31,31,31,0.85)\u00a0\u00bb subhead_font_color=\u00a0\u00bb#bebebe\u00a0\u00bb _builder_version=\u00a0\u00bb4.6.6&Prime; title_text_color=\u00a0\u00bb#ffffff\u00a0\u00bb title_font_size=\u00a0\u00bb36px\u00a0\u00bb title_line_height=\u00a0\u00bb1.3em\u00a0\u00bb content_font=\u00a0\u00bbMontserrat||||\u00a0\u00bb content_text_color=\u00a0\u00bb#bfbfbf\u00a0\u00bb content_font_size=\u00a0\u00bb19px\u00a0\u00bb content_line_height=\u00a0\u00bb1.8em\u00a0\u00bb subhead_text_color=\u00a0\u00bb#bebebe\u00a0\u00bb subhead_font_size=\u00a0\u00bb22px\u00a0\u00bb subhead_line_height=\u00a0\u00bb1.8em\u00a0\u00bb background_color=\u00a0\u00bbrgba(255,255,255,0)\u00a0\u00bb background_image=\u00a0\u00bbhttps:\/\/lessentiel-chez-raphael.bio\/wp-content\/uploads\/2020\/11\/hH.jpg\u00a0\u00bb parallax=\u00a0\u00bbon\u00a0\u00bb parallax_method=\u00a0\u00bbon\u00a0\u00bb min_height=\u00a0\u00bb130px\u00a0\u00bb custom_padding=\u00a0\u00bb5%||0.3%|||\u00a0\u00bb filter_brightness=\u00a0\u00bb176%\u00a0\u00bb filter_contrast=\u00a0\u00bb125%\u00a0\u00bb title_line_height_last_edited=\u00a0\u00bboff|desktop\u00a0\u00bb global_colors_info=\u00a0\u00bb{}\u00a0\u00bb button_one_text_size__hover_enabled=\u00a0\u00bboff\u00a0\u00bb button_one_text_size__hover=\u00a0\u00bbnull\u00a0\u00bb button_two_text_size__hover_enabled=\u00a0\u00bboff\u00a0\u00bb button_two_text_size__hover=\u00a0\u00bbnull\u00a0\u00bb button_one_text_color__hover_enabled=\u00a0\u00bboff\u00a0\u00bb button_one_text_color__hover=\u00a0\u00bbnull\u00a0\u00bb button_two_text_color__hover_enabled=\u00a0\u00bboff\u00a0\u00bb button_two_text_color__hover=\u00a0\u00bbnull\u00a0\u00bb button_one_border_width__hover_enabled=\u00a0\u00bboff\u00a0\u00bb button_one_border_width__hover=\u00a0\u00bbnull\u00a0\u00bb button_two_border_width__hover_enabled=\u00a0\u00bboff\u00a0\u00bb button_two_border_width__hover=\u00a0\u00bbnull\u00a0\u00bb button_one_border_color__hover_enabled=\u00a0\u00bboff\u00a0\u00bb button_one_border_color__hover=\u00a0\u00bbnull\u00a0\u00bb button_two_border_color__hover_enabled=\u00a0\u00bboff\u00a0\u00bb button_two_border_color__hover=\u00a0\u00bbnull\u00a0\u00bb button_one_border_radius__hover_enabled=\u00a0\u00bboff\u00a0\u00bb button_one_border_radius__hover=\u00a0\u00bbnull\u00a0\u00bb button_two_border_radius__hover_enabled=\u00a0\u00bboff\u00a0\u00bb button_two_border_radius__hover=\u00a0\u00bbnull\u00a0\u00bb button_one_letter_spacing__hover_enabled=\u00a0\u00bboff\u00a0\u00bb button_one_letter_spacing__hover=\u00a0\u00bbnull\u00a0\u00bb button_two_letter_spacing__hover_enabled=\u00a0\u00bboff\u00a0\u00bb button_two_letter_spacing__hover=\u00a0\u00bbnull\u00a0\u00bb button_one_bg_color__hover_enabled=\u00a0\u00bboff\u00a0\u00bb button_one_bg_color__hover=\u00a0\u00bbnull\u00a0\u00bb button_two_bg_color__hover_enabled=\u00a0\u00bboff\u00a0\u00bb button_two_bg_color__hover=\u00a0\u00bbnull\u00a0\u00bb]<\/p>\n<p>&nbsp;<\/p>\n<p>Nous proposons toutes sortes de prestations, de 15 \u00e0 250 personnes, dans vos locaux, ou avec le food truck.<\/p>\n<p>\u00a0<span style=\"font-size: 19px;\">\u00a0<\/span><\/p>\n<p>&nbsp;<\/p>\n<p>&nbsp;<\/p>\n<p>[\/et_pb_fullwidth_header][\/et_pb_section][et_pb_section fb_built=\u00a0\u00bb1&Prime; _builder_version=\u00a0\u00bb4.6.6&Prime; _module_preset=\u00a0\u00bbdefault\u00a0\u00bb background_image=\u00a0\u00bbhttps:\/\/lessentiel-chez-raphael.bio\/wp-content\/uploads\/2020\/11\/Traiteur11-scaled.jpg\u00a0\u00bb min_height=\u00a0\u00bb226px\u00a0\u00bb height=\u00a0\u00bb942px\u00a0\u00bb custom_margin=\u00a0\u00bb-70px|||||\u00a0\u00bb custom_padding=\u00a0\u00bb0px||0px|||\u00a0\u00bb global_colors_info=\u00a0\u00bb{}\u00a0\u00bb][et_pb_row _builder_version=\u00a0\u00bb4.6.6&Prime; _module_preset=\u00a0\u00bbdefault\u00a0\u00bb min_height=\u00a0\u00bb94px\u00a0\u00bb global_colors_info=\u00a0\u00bb{}\u00a0\u00bb][et_pb_column type=\u00a0\u00bb4_4&Prime; _builder_version=\u00a0\u00bb4.6.6&Prime; _module_preset=\u00a0\u00bbdefault\u00a0\u00bb global_colors_info=\u00a0\u00bb{}\u00a0\u00bb][\/et_pb_column][\/et_pb_row][et_pb_row _builder_version=\u00a0\u00bb4.6.6&Prime; background_enable_image=\u00a0\u00bboff\u00a0\u00bb background_size=\u00a0\u00bbinitial\u00a0\u00bb background_position=\u00a0\u00bbtop_left\u00a0\u00bb background_repeat=\u00a0\u00bbrepeat\u00a0\u00bb min_height=\u00a0\u00bb728px\u00a0\u00bb custom_padding=\u00a0\u00bb|8px||163px||\u00a0\u00bb global_colors_info=\u00a0\u00bb{}\u00a0\u00bb][et_pb_column type=\u00a0\u00bb4_4&Prime; _builder_version=\u00a0\u00bb3.25&Prime; custom_padding=\u00a0\u00bb|||\u00a0\u00bb global_colors_info=\u00a0\u00bb{}\u00a0\u00bb custom_padding__hover=\u00a0\u00bb|||\u00a0\u00bb][et_pb_text _builder_version=\u00a0\u00bb4.11.3&Prime; _module_preset=\u00a0\u00bbdefault\u00a0\u00bb header_text_align=\u00a0\u00bbcenter\u00a0\u00bb header_2_text_align=\u00a0\u00bbcenter\u00a0\u00bb header_2_font_size=\u00a0\u00bb24px\u00a0\u00bb transform_scale=\u00a0\u00bb125%|125%\u00a0\u00bb transform_translate=\u00a0\u00bb-64px|0px\u00a0\u00bb text_orientation=\u00a0\u00bbcenter\u00a0\u00bb width=\u00a0\u00bb100%\u00a0\u00bb min_height=\u00a0\u00bb348px\u00a0\u00bb custom_padding=\u00a0\u00bb105px|4px|0px|0px||\u00a0\u00bb animation_style=\u00a0\u00bbroll\u00a0\u00bb border_width_all=\u00a0\u00bb2px\u00a0\u00bb border_style_all=\u00a0\u00bbnone\u00a0\u00bb border_width_top=\u00a0\u00bb2px\u00a0\u00bb border_width_bottom=\u00a0\u00bb2px\u00a0\u00bb global_colors_info=\u00a0\u00bb{}\u00a0\u00bb]<\/p>\n<h4 style=\"text-align: center;\"><\/h4>\n<h4 style=\"text-align: center;\"><\/h4>\n<h4 style=\"text-align: center;\"><strong><span style=\"color: #000000;\"><span style=\"text-decoration: underline;\"><\/span><\/span><\/strong><\/h4>\n<h6 style=\"text-align: center;\"><strong><span style=\"color: #000000;\"><span style=\"text-decoration: underline;\">&#8211; C<\/span><span style=\"text-decoration: underline;\">ocktail ap\u00e9ritif <em>(4 \u00e0 6 bouch\u00e9es \/ pers.)<\/em>:<\/span> <\/span><\/strong><\/h6>\n<h6 style=\"text-align: center;\"><strong><span style=\"color: #000000;\">8 \u00e0 15\u20ac par personnes<\/span><\/strong><\/h6>\n<h6 style=\"text-align: center;\"><\/h6>\n<h6 style=\"text-align: center;\"><\/h6>\n<h6 style=\"text-align: center;\"><strong><span style=\"color: #000000;\"><span style=\"text-decoration: underline;\">&#8211; Cocktail dinatoire <em>(9 \u00e0 12 bouch\u00e9es \/ pers.)<\/em>:<\/span>\u00a0<\/span><\/strong><\/h6>\n<h6 style=\"text-align: center;\"><strong><span style=\"color: #000000;\">18 \u00e0 40\u20ac par personnes<\/span><\/strong><\/h6>\n<p style=\"text-align: center;\"><strong><span style=\"color: #000000;\"><\/span><\/strong><\/p>\n<h6 style=\"text-align: center;\"><strong><span style=\"color: #000000;\"><\/span><\/strong><\/h6>\n<h6 style=\"text-align: center;\"><strong><span style=\"color: #000000;\"><span style=\"text-decoration: underline;\">-Combinaison cocktail sal\u00e9 &amp; sucr\u00e9 et buffet de salades :<\/span> <\/span><\/strong><\/h6>\n<h6 style=\"text-align: center;\"><strong><span style=\"color: #000000;\">18 \u00e0 40\u20ac par personnes<\/span><\/strong><\/h6>\n<h6 style=\"text-align: center;\"><\/h6>\n<h6 style=\"text-align: center;\"><span style=\"color: #000000;\">Fourniture de boissons, avec service et location de verrerie sur demande !<\/span><\/h6>\n<p style=\"text-align: center;\"><span style=\"color: #000000;\"><\/span><\/p>\n<h6 style=\"text-align: center;\"><span style=\"color: #000000;\"><\/span>Demandez-nous un devis \u00e0 l&rsquo;adresse mail suivante :<\/h6>\n<p style=\"text-align: center;\"><a href=\"mailto:raphael@lessentiel-chez-raphael.bio\" target=\"_blank\" rel=\"noopener noreferrer\" title=\"raphael@lessentiel-chez-raphael.bio\">\u00a0raphael@lessentiel-chez-raphael.bio<\/a><\/p>\n<blockquote>\n<p style=\"text-align: center;\"><a href=\"https:\/\/lessentiel-chez-raphael.bio\/wp-content\/uploads\/2024\/04\/catalogue-traiteur-du-19012024.pdf\">Cliquez sur ce lien pour t\u00e9l\u00e9charger notre catalogue traiteur<\/a><\/p>\n<\/blockquote>\n<p style=\"text-align: center;\">\n<p>[\/et_pb_text][et_pb_image align_tablet=\u00a0\u00bbcenter\u00a0\u00bb align_phone=\u00a0\u00bb\u00a0\u00bb align_last_edited=\u00a0\u00bbon|desktop\u00a0\u00bb _builder_version=\u00a0\u00bb4.6.6&Prime; global_colors_info=\u00a0\u00bb{}\u00a0\u00bb][\/et_pb_image][\/et_pb_column][\/et_pb_row][\/et_pb_section][et_pb_section fb_built=\u00a0\u00bb1&Prime; _builder_version=\u00a0\u00bb4.6.6&Prime; _module_preset=\u00a0\u00bbdefault\u00a0\u00bb global_colors_info=\u00a0\u00bb{}\u00a0\u00bb][et_pb_row _builder_version=\u00a0\u00bb4.11.3&Prime; _module_preset=\u00a0\u00bbdefault\u00a0\u00bb custom_padding=\u00a0\u00bb||33px|||\u00a0\u00bb global_colors_info=\u00a0\u00bb{}\u00a0\u00bb][et_pb_column type=\u00a0\u00bb4_4&Prime; _builder_version=\u00a0\u00bb4.11.3&Prime; _module_preset=\u00a0\u00bbdefault\u00a0\u00bb global_colors_info=\u00a0\u00bb{}\u00a0\u00bb][et_pb_text _builder_version=\u00a0\u00bb4.11.3&Prime; _module_preset=\u00a0\u00bbdefault\u00a0\u00bb global_colors_info=\u00a0\u00bb{}\u00a0\u00bb]<\/p>\n<h2>La cuisine v\u00e9g\u00e9tale : la solution pour tous vos \u00e9v\u00e9nements<\/h2>\n<p>&nbsp;<\/p>\n<h4>Pourquoi ?<\/h4>\n<p>Parce que la cuisine v\u00e9g\u00e9tale est la plus inclusive qu&rsquo;il soit. En effet, quel que soit le r\u00e9gime alimentaire, l&rsquo;ethnie ou la confession de vos convives, ces derniers pourront d\u00e9guster chaque sp\u00e9cialit\u00e9 sans se demander ce qu&rsquo;ils peuvent manger ou non..<\/p>\n<p>Beaucoup connaissent cette frustration de ne pas pouvoir tout go\u00fbter lors d&rsquo;un buffet, de se retrouver avec une petite salade alors que tout avait l&rsquo;air tr\u00e8s bon. Le but d&rsquo;un buffet ou de prestation traiteur similaire est de faire plaisir \u00e0 ses invit\u00e9s en leur permettant de se r\u00e9galer, non pas de les frustrer.<\/p>\n<p>Avec une prestation en cuisine v\u00e9g\u00e9tale aucun de vos convives n&rsquo;aura ce probl\u00e8me. Tout le monde pourra se r\u00e9galer sans se poser de question.<\/p>\n<p>En tant que traiteur en cuisine v\u00e9g\u00e9tale nous sommes aussi tr\u00e8s attentifs aux intol\u00e9rances et allergies. Il suffit de vous renseigner aupr\u00e8s de vos invit\u00e9s et de nous le pr\u00e9ciser. Nous avons beaucoup de recettes sans gluten par exemple car ce r\u00e9gime est de plus en plus fr\u00e9quent.\u00a0<\/p>\n<p>[\/et_pb_text][\/et_pb_column][\/et_pb_row][et_pb_row use_custom_gutter=\u00a0\u00bbon\u00a0\u00bb make_equal=\u00a0\u00bbon\u00a0\u00bb _builder_version=\u00a0\u00bb3.25&Prime; custom_width_px=\u00a0\u00bb500px\u00a0\u00bb global_colors_info=\u00a0\u00bb{}\u00a0\u00bb][et_pb_column type=\u00a0\u00bb4_4&Prime; _builder_version=\u00a0\u00bb3.25&Prime; custom_padding=\u00a0\u00bb|||\u00a0\u00bb global_colors_info=\u00a0\u00bb{}\u00a0\u00bb custom_padding__hover=\u00a0\u00bb|||\u00a0\u00bb][et_pb_gallery gallery_ids=\u00a0\u00bb31810,31680,31812,31809,31821,31891,31919,31814,31818,31816,31819,31892,31822,31811&Prime; posts_number=\u00a0\u00bb12&Prime; orientation=\u00a0\u00bbportrait\u00a0\u00bb show_title_and_caption=\u00a0\u00bboff\u00a0\u00bb show_pagination=\u00a0\u00bboff\u00a0\u00bb zoom_icon_color=\u00a0\u00bbrgba(255,255,255,0)\u00a0\u00bb _builder_version=\u00a0\u00bb4.11.3&Prime; width=\u00a0\u00bb100%\u00a0\u00bb global_colors_info=\u00a0\u00bb{}\u00a0\u00bb][\/et_pb_gallery][\/et_pb_column][\/et_pb_row][\/et_pb_section][et_pb_section fb_built=\u00a0\u00bb1&Prime; _builder_version=\u00a0\u00bb4.6.6&Prime; _module_preset=\u00a0\u00bbdefault\u00a0\u00bb global_colors_info=\u00a0\u00bb{}\u00a0\u00bb][\/et_pb_section]<\/p>\n","protected":false},"excerpt":{"rendered":"<p>&nbsp; Nous proposons toutes sortes de prestations, de 15 \u00e0 250 personnes, dans vos locaux, ou avec le food truck. \u00a0\u00a0 &nbsp; &nbsp; &#8211; Cocktail ap\u00e9ritif (4 \u00e0 6 bouch\u00e9es \/ pers.): 8 \u00e0 15\u20ac par personnes &#8211; Cocktail dinatoire (9 \u00e0 12 bouch\u00e9es \/ pers.):\u00a0 18 \u00e0 40\u20ac par personnes -Combinaison cocktail sal\u00e9 &amp; [&hellip;]<\/p>\n","protected":false},"author":1,"featured_media":0,"parent":0,"menu_order":0,"comment_status":"closed","ping_status":"closed","template":"","meta":{"_et_pb_use_builder":"on","_et_pb_old_content":"","_et_gb_content_width":""},"_links":{"self":[{"href":"https:\/\/lessentiel-chez-raphael.bio\/index.php?rest_route=\/wp\/v2\/pages\/30277"}],"collection":[{"href":"https:\/\/lessentiel-chez-raphael.bio\/index.php?rest_route=\/wp\/v2\/pages"}],"about":[{"href":"https:\/\/lessentiel-chez-raphael.bio\/index.php?rest_route=\/wp\/v2\/types\/page"}],"author":[{"embeddable":true,"href":"https:\/\/lessentiel-chez-raphael.bio\/index.php?rest_route=\/wp\/v2\/users\/1"}],"replies":[{"embeddable":true,"href":"https:\/\/lessentiel-chez-raphael.bio\/index.php?rest_route=%2Fwp%2Fv2%2Fcomments&post=30277"}],"version-history":[{"count":76,"href":"https:\/\/lessentiel-chez-raphael.bio\/index.php?rest_route=\/wp\/v2\/pages\/30277\/revisions"}],"predecessor-version":[{"id":32337,"href":"https:\/\/lessentiel-chez-raphael.bio\/index.php?rest_route=\/wp\/v2\/pages\/30277\/revisions\/32337"}],"wp:attachment":[{"href":"https:\/\/lessentiel-chez-raphael.bio\/index.php?rest_route=%2Fwp%2Fv2%2Fmedia&parent=30277"}],"curies":[{"name":"wp","href":"https:\/\/api.w.org\/{rel}","templated":true}]}}