{"id":30271,"date":"2018-11-18T22:33:18","date_gmt":"2018-11-18T21:33:18","guid":{"rendered":"https:\/\/lessentiel-chez-raphael.bio\/?page_id=30271"},"modified":"2021-11-17T12:07:49","modified_gmt":"2021-11-17T11:07:49","slug":"temoignages","status":"publish","type":"page","link":"https:\/\/lessentiel-chez-raphael.bio\/?page_id=30271","title":{"rendered":"T\u00e9moignages"},"content":{"rendered":"\n\n\n[et_pb_section bb_built=\u00a0\u00bb1&Prime; fullwidth=\u00a0\u00bbon\u00a0\u00bb specialty=\u00a0\u00bboff\u00a0\u00bb next_background_color=\u00a0\u00bb#000000&Prime;][et_pb_fullwidth_header _builder_version=\u00a0\u00bb3.21&Prime; title=\u00a0\u00bbT\u00e9moignages\u00a0\u00bb subhead=\u00a0\u00bbQuoi de mieux que les t\u00e9moignages de nos clients pour vous faire votre avis ? N\u2019h\u00e9sitez pas \u00e0 laisser vous aussi votre avis !\u00a0\u00bb title_font_size=\u00a0\u00bb36px\u00a0\u00bb subhead_text_color=\u00a0\u00bb#c9c9c9&Prime; subhead_font_size=\u00a0\u00bb22px\u00a0\u00bb \/][\/et_pb_section][et_pb_section bb_built=\u00a0\u00bb1&Prime; _builder_version=\u00a0\u00bb3.0.47&Prime; prev_background_color=\u00a0\u00bb#000000&Prime; next_background_color=\u00a0\u00bb#000000&Prime;][et_pb_row][et_pb_column type=\u00a0\u00bb4_4&Prime;][et_pb_text _builder_version=\u00a0\u00bb3.21&Prime;]\r\n\r\n<h2 style=\"text-align: center;\">T\u00e9moignages &#8211; Presse &#8211; R\u00e9f\u00e9rences<\/h2>\r\n\r\n[\/et_pb_text][\/et_pb_column][\/et_pb_row][et_pb_row _builder_version=\u00a0\u00bb3.21&Prime; gutter_width=\u00a0\u00bb2&Prime;][et_pb_column type=\u00a0\u00bb1_3&Prime;][et_pb_testimonial _builder_version=\u00a0\u00bb3.21&Prime; author=\u00a0\u00bbTroph\u00e9es RSE Grand Est\u00a0\u00bb job_title=\u00a0\u00bb2018&Prime; quote_icon_background_color=\u00a0\u00bb#f5f5f5&Prime; portrait_url=\u00a0\u00bbhttps:\/\/lessentiel-chez-raphael.bio\/wp-content\/uploads\/2019\/02\/46349044_10155635980395940_7020992126921998336_o.jpg\u00a0\u00bb text_orientation=\u00a0\u00bbjustified\u00a0\u00bb portrait_width=\u00a0\u00bb120&Prime; border_radii_portrait=\u00a0\u00bbon|30px|30px|30px|30px\u00a0\u00bb]\r\n\r\n<div id=\"js_44\" class=\"_5pbx userContent _3576\" data-ft=\"{&quot;tn&quot;:&quot;K&quot;}\">\r\n<p>Nous sommes TROPH\u00c9E RSE 2018 Grand Est<br \/>\u00ab\u00a0Entreprise engag\u00e9e\u00a0\u00bb<\/p>\r\n<p>Je suis tr\u00e8s tr\u00e8s fier de vous l&rsquo;annoncer.<br \/>Au nom de tous ceux qui participent \u00e0 l&rsquo;activit\u00e9.<\/p>\r\n<p>Merci! Nous poursuivons et esp\u00e9rons inspirer des vocations!<\/p>\r\n<\/div>\r\n\r\n[\/et_pb_testimonial][\/et_pb_column][et_pb_column type=\u00a0\u00bb1_3&Prime;][et_pb_testimonial _builder_version=\u00a0\u00bb3.21&Prime; author=\u00a0\u00bbPot de l&rsquo;amiti\u00e9 &#8211; soutenance de th\u00e8se math\u00e9matiques\u00a0\u00bb job_title=\u00a0\u00bbmars 2019 &#8211; 35 personnes\u00a0\u00bb quote_icon_background_color=\u00a0\u00bb#f5f5f5&Prime; portrait_url=\u00a0\u00bbhttps:\/\/lessentiel-chez-raphael.bio\/wp-content\/uploads\/2019\/03\/maths.jpg\u00a0\u00bb company_name=\u00a0\u00bbViktoria\u00a0\u00bb portrait_width=\u00a0\u00bb120&Prime; border_radii_portrait=\u00a0\u00bbon|30px|30px|30px|30px\u00a0\u00bb]\r\n\r\n<div id=\"js_44\" class=\"_5pbx userContent _3576\" data-ft=\"{&quot;tn&quot;:&quot;K&quot;}\">\r\n<div class=\"\">Merci beaucoup pour la prise en charge parfaite de mon pot de soutenance.<\/div>\r\n<div class=\"\">Non seulement vous \u00eates un des rares traiteurs qui proposent un service v\u00e9g\u00e9-bio, mais tout \u00e9tait a \u00e9t\u00e9 au top : organisation impeccable, bouch\u00e9es et boissons d\u00e9licieuses, et tr\u00e8s joliment pr\u00e9sent\u00e9es.<\/div>\r\n<div class=\"\">Merci encore !<\/div>\r\n<\/div>\r\n\r\n[\/et_pb_testimonial][\/et_pb_column][et_pb_column type=\u00a0\u00bb1_3&Prime;][et_pb_testimonial _builder_version=\u00a0\u00bb3.21&Prime; author=\u00a0\u00bbCatherine\u00a0\u00bb job_title=\u00a0\u00bb2018&Prime; quote_icon_background_color=\u00a0\u00bb#f5f5f5&Prime; portrait_url=\u00a0\u00bbhttps:\/\/lessentiel-chez-raphael.bio\/wp-content\/uploads\/2019\/03\/musique.jpg\u00a0\u00bb portrait_width=\u00a0\u00bb120&Prime; border_radii_portrait=\u00a0\u00bbon|30px|30px|30px|30px\u00a0\u00bb]\r\n\r\n<div id=\"js_44\" class=\"_5pbx userContent _3576\" data-ft=\"{&quot;tn&quot;:&quot;K&quot;}\"><div class=\"page\" title=\"Page 11\"><div class=\"layoutArea\"><div class=\"column\"><p>Dans le cadre d&rsquo;un stage choral, trente chanteurs ont go\u00fbt\u00e9, appr\u00e9ci\u00e9 la cuisine savoureuse de Rapha\u00ebl. Servie g\u00e9n\u00e9reusement, les salades color\u00e9es et in\u00e9dites se m\u00ealaient astucieusement aux l\u00e9gumineuses, graines et herbes. Les desserts ne d\u00e9m\u00e9ritent pas et prolongent le plaisir de d\u00e9couvrir des recettes vegan. Chacun mange \u00e0 sa faim et peut n\u00e9anmoins chanter avec l\u00e9g\u00e8ret\u00e9 l&rsquo;apr\u00e8s-midi !<\/p><\/div><\/div><\/div><\/div>\r\n\r\n[\/et_pb_testimonial][\/et_pb_column][\/et_pb_row][\/et_pb_section][et_pb_section bb_built=\u00a0\u00bb1&Prime; fullwidth=\u00a0\u00bboff\u00a0\u00bb specialty=\u00a0\u00bboff\u00a0\u00bb prev_background_color=\u00a0\u00bb#000000&Prime;][et_pb_row _builder_version=\u00a0\u00bb3.0.48&Prime; background_size=\u00a0\u00bbinitial\u00a0\u00bb background_position=\u00a0\u00bbtop_left\u00a0\u00bb background_repeat=\u00a0\u00bbrepeat\u00a0\u00bb][et_pb_column type=\u00a0\u00bb4_4&Prime;][et_pb_text _builder_version=\u00a0\u00bb3.19.17&Prime;]\r\n\r\n<h2 style=\"text-align: center;\">Vos t\u00e9moignages<\/h2>\r\n\r\n[\/et_pb_text][et_pb_text _builder_version=\u00a0\u00bb3.19.17&Prime;]\r\n\r\n<div class=\"gwolle-gb\"><div class=\"gwolle_gb_messages_top_container\"><\/div>\n\t\t\t<div class=\"gwolle-gb-write-button\">\n\t\t\t\t<input type=\"button\" name=\"gwolle-gb-write-button\" class=\"button btn btn-default \" value=\"&raquo; \u00c9crire un nouveau message.\" \/>\n\t\t\t<\/div>\n\t\t\t<form action=\"#\" method=\"POST\" class=\"gwolle-gb-write gwolle-gb-hide gwolle-gb-float gwolle_gb_form_ajax gwolle-gb-form-ajax\">\n\t\t\t\t<h3>\u00c9crivez un nouveau message dans le livre d\u2019or<\/h3>\n\t\t\t\t<button type=\"button\" class=\"gb-notice-dismiss\">x<span class=\"screen-reader-text\">Masquer ce formulaire.<\/span><\/button>\n\t\t\t\n\t\t\t\t<input type=\"hidden\" name=\"gwolle_gb_function\" class=\"gwolle_gb_function\" value=\"add_entry\" \/><input type=\"hidden\" name=\"gwolle_gb_book_id\" class=\"gwolle_gb_book_id\" value=\"1\" \/><div class=\"gwolle_gb_fa9808d2ea718afda2767ab3068506fc\">\n\t\t\t\t<div class=\"label\"><label for=\"gwolle_gb_fa9808d2ea718afda2767ab3068506fc\" class=\"text-info\">Nom *<\/label><\/div>\n\t\t\t\t<div class=\"input\"><input class=\"wp-exclude-emoji gwolle_gb_fa9808d2ea718afda2767ab3068506fc\" value=\"\" type=\"text\" name=\"gwolle_gb_fa9808d2ea718afda2767ab3068506fc\" required \/><\/div>\n\t\t\t<\/div>\n\t\t\t<div class=\"clearBoth\">&nbsp;<\/div><div class=\"gwolle_gb_993e346cf166033c0a766b4e5e8e9bcd\">\n\t\t\t\t\t<div class=\"label\"><label for=\"gwolle_gb_993e346cf166033c0a766b4e5e8e9bcd\" class=\"text-info\">Ville<\/label><\/div>\n\t\t\t\t\t<div class=\"input\"><input class=\"wp-exclude-emoji gwolle_gb_993e346cf166033c0a766b4e5e8e9bcd\" value=\"\" type=\"text\" name=\"gwolle_gb_993e346cf166033c0a766b4e5e8e9bcd\" \/><\/div>\n\t\t\t\t<\/div>\n\t\t\t\t<div class=\"clearBoth\">&nbsp;<\/div><div class=\"gwolle_gb_2301703f16b9ad511912cea59952749b\">\n\t\t\t\t<div class=\"label\"><label for=\"gwolle_gb_2301703f16b9ad511912cea59952749b\" class=\"text-info\">E-mail *<\/label><\/div>\n\t\t\t\t<div class=\"input\"><input class=\"gwolle_gb_2301703f16b9ad511912cea59952749b\" value=\"\" type=\"text\" name=\"gwolle_gb_2301703f16b9ad511912cea59952749b\" required \/><\/div>\n\t\t\t<\/div>\n\t\t\t<div class=\"clearBoth\">&nbsp;<\/div><div class=\"gwolle_gb_4eca573190c56df8bd50d48f3c21dda0\">\n\t\t\t\t<div class=\"label\"><label for=\"gwolle_gb_4eca573190c56df8bd50d48f3c21dda0\" class=\"text-info\">Site web<\/label><\/div>\n\t\t\t\t<div class=\"input\"><input class=\"gwolle_gb_4eca573190c56df8bd50d48f3c21dda0\" value=\"\" type=\"text\" name=\"gwolle_gb_4eca573190c56df8bd50d48f3c21dda0\" \/><\/div>\n\t\t\t<\/div>\n\t\t\t<div class=\"clearBoth\">&nbsp;<\/div>\n\t\t\t<div class=\"gwolle_gb_6dafa0ed8db7ab1127c62067b69a03ac\" style=\"display:none;\">\n\t\t\t\t<div class=\"label\">\n\t\t\t\t\t<label for=\"gwolle_gb_6dafa0ed8db7ab1127c62067b69a03ac\" class=\"text-primary\">Ne touchez pas \u00e0 ceci<\/label>\n\t\t\t\t\t<label for=\"gwolle_gb_6db961521bb19f4fa489e34257bda888\" class=\"text-primary\">Ne touchez pas \u00e0 ceci<\/label>\n\t\t\t\t<\/div>\n\t\t\t\t<div class=\"input\">\n\t\t\t\t\t<input value=\"65\" type=\"text\" name=\"gwolle_gb_6dafa0ed8db7ab1127c62067b69a03ac\" class=\"gwolle_gb_6dafa0ed8db7ab1127c62067b69a03ac\" \/>\n\t\t\t\t\t<input value=\"\" type=\"text\" name=\"gwolle_gb_6db961521bb19f4fa489e34257bda888\" class=\"gwolle_gb_6db961521bb19f4fa489e34257bda888\" \/>\n\t\t\t\t<\/div>\n\t\t\t<\/div>\n\t\t\t<div class=\"clearBoth\"><\/div>\n\t\t\t<div class=\"gwolle_gb_9529113a88fb3f68595839ffd9c62f61\" style=\"display:none;\">\n\t\t\t\t<div class=\"label\">\n\t\t\t\t\t<label for=\"gwolle_gb_9529113a88fb3f68595839ffd9c62f61\" class=\"text-primary\">Ne touchez pas \u00e0 ceci<\/label>\n\t\t\t\t\t<label for=\"gwolle_gb_995a42cff3f979d1c921e02d099b7955\" class=\"text-primary\">Ne touchez pas \u00e0 ceci<\/label>\n\t\t\t\t<\/div>\n\t\t\t\t<div class=\"input\">\n\t\t\t\t\t<input value=\"54700\" type=\"text\" name=\"gwolle_gb_9529113a88fb3f68595839ffd9c62f61\" class=\"gwolle_gb_9529113a88fb3f68595839ffd9c62f61\" \/>\n\t\t\t\t\t<input value=\"54700\" type=\"text\" name=\"gwolle_gb_995a42cff3f979d1c921e02d099b7955\" class=\"gwolle_gb_995a42cff3f979d1c921e02d099b7955\" \/>\n\t\t\t\t<\/div>\n\t\t\t<\/div>\n\t\t\t<div class=\"clearBoth\"><\/div><div class=\"gwolle_gb_content\">\n\t\t\t\t<div class=\"label\"><label for=\"gwolle_gb_content\" class=\"text-info\">Message du livre d\u2019or *<\/label><\/div>\n\t\t\t\t<div class=\"input\"><textarea name=\"gwolle_gb_content\" class=\"gwolle_gb_content wp-exclude-emoji\" required ><\/textarea><\/div>\n\t\t\t\t<\/div>\n\t\t\t<div class=\"clearBoth\">&nbsp;<\/div><input type=\"hidden\" class=\"gwolle_gb_41cefcea187f291c7a34013d90d5086c\" name=\"gwolle_gb_41cefcea187f291c7a34013d90d5086c\" value=\"f123ff78b6\" \/>\n\t\t\t<div class=\"gwolle_gb_messages_bottom_container\"><\/div>\n\n\t\t\t<noscript><div class=\"no-js\">Avertissement\u00a0: Ce formulaire ne peut \u00eatre utilis\u00e9 que si JavaScript est activ\u00e9 dans votre navigateur.<\/div><\/noscript>\n\n\t\t\t<div class=\"gwolle_gb_submit\">\n\t\t\t\t<div class=\"label gwolle-gb-invisible text-muted\">&nbsp;<\/div>\n\t\t\t\t<div class=\"input\">\n\t\t\t\t\t<input type=\"submit\" name=\"gwolle_gb_submit\" class=\"gwolle_gb_submit button btn btn-primary \" value=\"Envoyer\" \/>\n\t\t\t\t\t<span class=\"gwolle_gb_submit_ajax_icon\"><\/span>\n\t\t\t\n\t\t\t\t<\/div>\n\t\t\t<\/div>\n\t\t\t<div class=\"clearBoth\">&nbsp;<\/div>\n\n\t\t\t<div class=\"gwolle_gb_notice\">\n\t\t\t\t<br \/>\nLes champs marqu\u00e9s avec un * sont obligatoires.<br \/>\nVotre adresse e-mail ne sera pas publi\u00e9e.<br \/>\nIl se pourrait que votre message n\u2019apparaisse dans le livre d\u2019or qu\u2019apr\u00e8s que nous l\u2019ayons v\u00e9rifi\u00e9.<br \/>\nNous nous r\u00e9servons le droit de modifier, de supprimer, ou de ne pas publier les messages.<br \/>\n\n\t\t\t<\/div><\/form><div class=\"gwolle-gb-read \" data-book_id=\"1\">(Pas de message)<\/div><\/div>\r\n\r\n[\/et_pb_text][\/et_pb_column][\/et_pb_row][\/et_pb_section]\n\n\n","protected":false},"excerpt":{"rendered":"<p><div class=\"et_pb_row et_pb_row_0 et_pb_row_empty\">\n\t\t\t\t\n\t\t\t\t\n\t\t\t\t\n\t\t\t<\/div> T\u00e9moignages &#8211; Presse &#8211; R\u00e9f\u00e9rences Nous sommes TROPH\u00c9E RSE 2018 Grand Est\u00a0\u00bbEntreprise engag\u00e9e\u00a0\u00bb Je suis tr\u00e8s tr\u00e8s fier de vous l&rsquo;annoncer.Au nom de tous ceux qui participent \u00e0 l&rsquo;activit\u00e9. Merci! Nous poursuivons et esp\u00e9rons inspirer des vocations! Merci beaucoup pour la prise en charge parfaite de mon pot de soutenance. Non seulement vous \u00eates [&hellip;]<\/p>\n","protected":false},"author":1,"featured_media":0,"parent":0,"menu_order":0,"comment_status":"closed","ping_status":"closed","template":"","meta":{"_et_pb_use_builder":"on","_et_pb_old_content":"","_et_gb_content_width":""},"_links":{"self":[{"href":"https:\/\/lessentiel-chez-raphael.bio\/index.php?rest_route=\/wp\/v2\/pages\/30271"}],"collection":[{"href":"https:\/\/lessentiel-chez-raphael.bio\/index.php?rest_route=\/wp\/v2\/pages"}],"about":[{"href":"https:\/\/lessentiel-chez-raphael.bio\/index.php?rest_route=\/wp\/v2\/types\/page"}],"author":[{"embeddable":true,"href":"https:\/\/lessentiel-chez-raphael.bio\/index.php?rest_route=\/wp\/v2\/users\/1"}],"replies":[{"embeddable":true,"href":"https:\/\/lessentiel-chez-raphael.bio\/index.php?rest_route=%2Fwp%2Fv2%2Fcomments&post=30271"}],"version-history":[{"count":20,"href":"https:\/\/lessentiel-chez-raphael.bio\/index.php?rest_route=\/wp\/v2\/pages\/30271\/revisions"}],"predecessor-version":[{"id":31912,"href":"https:\/\/lessentiel-chez-raphael.bio\/index.php?rest_route=\/wp\/v2\/pages\/30271\/revisions\/31912"}],"wp:attachment":[{"href":"https:\/\/lessentiel-chez-raphael.bio\/index.php?rest_route=%2Fwp%2Fv2%2Fmedia&parent=30271"}],"curies":[{"name":"wp","href":"https:\/\/api.w.org\/{rel}","templated":true}]}}